{"id":67,"date":"2018-08-15T06:26:42","date_gmt":"2018-08-15T06:26:42","guid":{"rendered":"https:\/\/eyes.landoan.xyz\/index.php\/blog\/"},"modified":"2022-03-08T03:32:44","modified_gmt":"2022-03-08T03:32:44","slug":"tin-tuc","status":"publish","type":"page","link":"https:\/\/qualis.vn\/index.php\/tin-tuc\/","title":{"rendered":"TIN T\u1ee8C"},"content":{"rendered":"\t\t<div data-elementor-type=\"wp-post\" data-elementor-id=\"67\" class=\"elementor elementor-67\" data-elementor-settings=\"[]\">\n\t\t\t\t\t\t<div class=\"elementor-inner\">\n\t\t\t\t\t\t\t<div class=\"elementor-section-wrap\">\n\t\t\t\t\t\t\t<section class=\"elementor-section elementor-top-section elementor-element elementor-element-096fa7a elementor-section-boxed elementor-section-height-default elementor-section-height-default\" data-id=\"096fa7a\" data-element_type=\"section\">\n\t\t\t\t\t\t<div class=\"elementor-container elementor-column-gap-default\">\n\t\t\t\t\t\t\t<div class=\"elementor-row\">\n\t\t\t\t\t<div class=\"aux-parallax-section elementor-column elementor-col-100 elementor-top-column elementor-element elementor-element-44e4790 aux-appear-watch-animation aux-fade-in-up\" data-id=\"44e4790\" data-element_type=\"column\">\n\t\t\t<div class=\"elementor-column-wrap elementor-element-populated\">\n\t\t\t\t\t\t\t<div class=\"elementor-widget-wrap\">\n\t\t\t\t\t\t<div class=\"elementor-element elementor-element-67f3bde elementor-grid-4 elementor-grid-tablet-2 elementor-grid-mobile-1 elementor-posts--thumbnail-top elementor-posts--show-avatar elementor-card-shadow-yes elementor-posts__hover-gradient elementor-widget elementor-widget-posts\" data-id=\"67f3bde\" data-element_type=\"widget\" data-settings=\"{&quot;cards_columns&quot;:&quot;4&quot;,&quot;pagination_type&quot;:&quot;numbers&quot;,&quot;cards_columns_tablet&quot;:&quot;2&quot;,&quot;cards_columns_mobile&quot;:&quot;1&quot;,&quot;cards_row_gap&quot;:{&quot;unit&quot;:&quot;px&quot;,&quot;size&quot;:35,&quot;sizes&quot;:[]}}\" data-widget_type=\"posts.cards\">\n\t\t\t\t<div class=\"elementor-widget-container\">\n\t\t\t\t\t<div class=\"elementor-posts-container elementor-posts elementor-posts--skin-cards elementor-grid\">\n\t\t\t\t<article class=\"elementor-post elementor-grid-item post-1960 post type-post status-publish format-standard has-post-thumbnail hentry category-tin-tuc\">\n\t\t\t<div class=\"elementor-post__card\">\n\t\t\t\t<a class=\"elementor-post__thumbnail__link\" href=\"https:\/\/qualis.vn\/index.php\/2025\/08\/28\/nghi-quyet-57-nq-tw-ve-dot-pha-phat-trien-khoa-hoc-cong-nghe-doi-moi-sang-tao-va-chuyen-doi-so-quoc-gia\/\" >\n\t\t\t<div class=\"elementor-post__thumbnail\"><img loading=\"lazy\" width=\"300\" height=\"188\" src=\"https:\/\/qualis.vn\/wp-content\/uploads\/2025\/08\/quochoi9-17405684202961289772212-51-0-1301-2000-crop-17405684562381900936170.jpg\" class=\"attachment-medium size-medium\" alt=\"\" decoding=\"async\" \/><\/div>\n\t\t<\/a>\n\t\t\t\t<div class=\"elementor-post__badge\">Tin t\u1ee9c<\/div>\n\t\t\t\t<div class=\"elementor-post__avatar\">\n\t\t\t<img alt='Phan Huy\u1ec1n Di\u1ec7u' src='https:\/\/secure.gravatar.com\/avatar\/5aca37b0a2a3901977f37d382a91004d?s=128&#038;d=mm&#038;r=g' srcset='https:\/\/secure.gravatar.com\/avatar\/5aca37b0a2a3901977f37d382a91004d?s=256&#038;d=mm&#038;r=g 2x' class='avatar avatar-128 photo' height='128' width='128' loading='lazy' decoding='async'\/>\t\t<\/div>\n\t\t\t\t<div class=\"elementor-post__text\">\n\t\t\t\t<h3 class=\"elementor-post__title\">\n\t\t\t<a href=\"https:\/\/qualis.vn\/index.php\/2025\/08\/28\/nghi-quyet-57-nq-tw-ve-dot-pha-phat-trien-khoa-hoc-cong-nghe-doi-moi-sang-tao-va-chuyen-doi-so-quoc-gia\/\" >\n\t\t\t\tNgh\u1ecb quy\u1ebft 57-NQ\/TW v\u1ec1 \u0111\u1ed9t ph\u00e1 ph\u00e1t tri\u1ec3n khoa h\u1ecdc, c\u00f4ng ngh\u1ec7, \u0111\u1ed5i m\u1edbi s\u00e1ng t\u1ea1o v\u00e0 chuy\u1ec3n \u0111\u1ed5i s\u1ed1 qu\u1ed1c gia\t\t\t<\/a>\n\t\t<\/h3>\n\t\t\t\t<div class=\"elementor-post__excerpt\">\n\t\t\t<p>T\u1ed5ng B\u00ed th\u01b0 T\u00f4 L\u00e2m \u0111\u00e3 k\u00fd ban h\u00e0nh Ngh\u1ecb quy\u1ebft s\u1ed1 57-NQ\/TW ng\u00e0y 22\/12\/2024 c\u1ee7a B\u1ed9 Ch\u00ednh tr\u1ecb v\u1ec1 \u0111\u1ed9t ph\u00e1 ph\u00e1t tri\u1ec3n khoa<\/p>\n\t\t<\/div>\n\t\t\t\t\t<a class=\"elementor-post__read-more\" href=\"https:\/\/qualis.vn\/index.php\/2025\/08\/28\/nghi-quyet-57-nq-tw-ve-dot-pha-phat-trien-khoa-hoc-cong-nghe-doi-moi-sang-tao-va-chuyen-doi-so-quoc-gia\/\" >\n\t\t\t\t\u0110\u1ecdc th\u00eam\t\t\t<\/a>\n\t\t\t\t<\/div>\n\t\t\t\t<div class=\"elementor-post__meta-data\">\n\t\t\t\t\t<span class=\"elementor-post-date\">\n\t\t\t28 Th\u00e1ng T\u00e1m, 2025\t\t<\/span>\n\t\t\t\t<span class=\"elementor-post-avatar\">\n\t\t\tKh\u00f4ng c\u00f3 ph\u1ea3n h\u1ed3i\t\t<\/span>\n\t\t\t\t<\/div>\n\t\t\t\t\t<\/div>\n\t\t<\/article>\n\t\t\t\t<article class=\"elementor-post elementor-grid-item post-226 post type-post status-publish format-standard has-post-thumbnail hentry category-tin-tuc\">\n\t\t\t<div class=\"elementor-post__card\">\n\t\t\t\t<a class=\"elementor-post__thumbnail__link\" href=\"https:\/\/qualis.vn\/index.php\/2022\/02\/24\/viet-nam-la-1-trong-11-quoc-gia-duoc-chuyen-giao-cong-nghe-san-xuat-vaccine-mrna\/\" >\n\t\t\t<div class=\"elementor-post__thumbnail\"><img loading=\"lazy\" width=\"300\" height=\"300\" src=\"https:\/\/qualis.vn\/wp-content\/uploads\/2022\/02\/article-300x300.jpg\" class=\"attachment-medium size-medium\" alt=\"\" decoding=\"async\" srcset=\"https:\/\/qualis.vn\/wp-content\/uploads\/2022\/02\/article-300x300.jpg 300w, https:\/\/qualis.vn\/wp-content\/uploads\/2022\/02\/article-1024x1024.jpg 1024w, https:\/\/qualis.vn\/wp-content\/uploads\/2022\/02\/article-150x150.jpg 150w, https:\/\/qualis.vn\/wp-content\/uploads\/2022\/02\/article-768x768.jpg 768w\" sizes=\"(max-width: 300px) 100vw, 300px\" \/><\/div>\n\t\t<\/a>\n\t\t\t\t<div class=\"elementor-post__badge\">Tin t\u1ee9c<\/div>\n\t\t\t\t<div class=\"elementor-post__avatar\">\n\t\t\t<img alt='admin' src='https:\/\/secure.gravatar.com\/avatar\/75d23af433e0cea4c0e45a56dba18b30?s=128&#038;d=mm&#038;r=g' srcset='https:\/\/secure.gravatar.com\/avatar\/75d23af433e0cea4c0e45a56dba18b30?s=256&#038;d=mm&#038;r=g 2x' class='avatar avatar-128 photo' height='128' width='128' loading='lazy' decoding='async'\/>\t\t<\/div>\n\t\t\t\t<div class=\"elementor-post__text\">\n\t\t\t\t<h3 class=\"elementor-post__title\">\n\t\t\t<a href=\"https:\/\/qualis.vn\/index.php\/2022\/02\/24\/viet-nam-la-1-trong-11-quoc-gia-duoc-chuyen-giao-cong-nghe-san-xuat-vaccine-mrna\/\" >\n\t\t\t\tVi\u1ec7t Nam l\u00e0 1 trong 11 qu\u1ed1c gia \u0111\u01b0\u1ee3c chuy\u1ec3n giao c\u00f4ng ngh\u1ec7 s\u1ea3n xu\u1ea5t vaccine mRNA\t\t\t<\/a>\n\t\t<\/h3>\n\t\t\t\t<div class=\"elementor-post__excerpt\">\n\t\t\t<p>SK\u0110S &#8211; C\u00f4ng ngh\u1ec7 s\u1ea3n xu\u1ea5t vaccine mRNA l\u00e0 c\u00f4ng ngh\u1ec7 ti\u00ean ti\u1ebfn, cho ph\u00e9p c\u1eadp nh\u1eadt c\u00e1c bi\u1ebfn ch\u1ee7ng v\u00e0 s\u1ea3n xu\u1ea5t v\u1edbi s\u1ed1<\/p>\n\t\t<\/div>\n\t\t\t\t\t<a class=\"elementor-post__read-more\" href=\"https:\/\/qualis.vn\/index.php\/2022\/02\/24\/viet-nam-la-1-trong-11-quoc-gia-duoc-chuyen-giao-cong-nghe-san-xuat-vaccine-mrna\/\" >\n\t\t\t\t\u0110\u1ecdc th\u00eam\t\t\t<\/a>\n\t\t\t\t<\/div>\n\t\t\t\t<div class=\"elementor-post__meta-data\">\n\t\t\t\t\t<span class=\"elementor-post-date\">\n\t\t\t24 Th\u00e1ng Hai, 2022\t\t<\/span>\n\t\t\t\t<span class=\"elementor-post-avatar\">\n\t\t\tKh\u00f4ng c\u00f3 ph\u1ea3n h\u1ed3i\t\t<\/span>\n\t\t\t\t<\/div>\n\t\t\t\t\t<\/div>\n\t\t<\/article>\n\t\t\t\t<article class=\"elementor-post elementor-grid-item post-219 post type-post status-publish format-standard has-post-thumbnail hentry category-tin-tuc\">\n\t\t\t<div class=\"elementor-post__card\">\n\t\t\t\t<a class=\"elementor-post__thumbnail__link\" href=\"https:\/\/qualis.vn\/index.php\/2022\/02\/24\/15-loai-thuc-pham-tang-cuong-suc-de-khang-phong-chong-covid-19\/\" >\n\t\t\t<div class=\"elementor-post__thumbnail\"><img loading=\"lazy\" width=\"300\" height=\"300\" src=\"https:\/\/qualis.vn\/wp-content\/uploads\/2022\/02\/thuc-pham-tang-suc-de-khang-300x300.jpg\" class=\"attachment-medium size-medium\" alt=\"\" decoding=\"async\" srcset=\"https:\/\/qualis.vn\/wp-content\/uploads\/2022\/02\/thuc-pham-tang-suc-de-khang-300x300.jpg 300w, https:\/\/qualis.vn\/wp-content\/uploads\/2022\/02\/thuc-pham-tang-suc-de-khang-150x150.jpg 150w\" sizes=\"(max-width: 300px) 100vw, 300px\" \/><\/div>\n\t\t<\/a>\n\t\t\t\t<div class=\"elementor-post__badge\">Tin t\u1ee9c<\/div>\n\t\t\t\t<div class=\"elementor-post__avatar\">\n\t\t\t<img alt='admin' src='https:\/\/secure.gravatar.com\/avatar\/75d23af433e0cea4c0e45a56dba18b30?s=128&#038;d=mm&#038;r=g' srcset='https:\/\/secure.gravatar.com\/avatar\/75d23af433e0cea4c0e45a56dba18b30?s=256&#038;d=mm&#038;r=g 2x' class='avatar avatar-128 photo' height='128' width='128' loading='lazy' decoding='async'\/>\t\t<\/div>\n\t\t\t\t<div class=\"elementor-post__text\">\n\t\t\t\t<h3 class=\"elementor-post__title\">\n\t\t\t<a href=\"https:\/\/qualis.vn\/index.php\/2022\/02\/24\/15-loai-thuc-pham-tang-cuong-suc-de-khang-phong-chong-covid-19\/\" >\n\t\t\t\t15 lo\u1ea1i th\u1ef1c ph\u1ea9m t\u0103ng c\u01b0\u1eddng s\u1ee9c \u0111\u1ec1 kh\u00e1ng, ph\u00f2ng ch\u1ed1ng Covid-19\t\t\t<\/a>\n\t\t<\/h3>\n\t\t\t\t<div class=\"elementor-post__excerpt\">\n\t\t\t<p>Cu\u1ed9c chi\u1ebfn ch\u1ed1ng Covid-19 v\u1eabn ch\u01b0a c\u00f3 h\u1ed3i k\u1ebft khi \u201c\u0111\u1ea1i d\u1ecbch\u201d ti\u1ebfp t\u1ee5c t\u1ed1c \u0111\u1ed9 l\u00e2y lan nhanh ch\u01b0a t\u1eebng c\u00f3 v\u00e0 hi\u1ec7n ch\u01b0a<\/p>\n\t\t<\/div>\n\t\t\t\t\t<a class=\"elementor-post__read-more\" href=\"https:\/\/qualis.vn\/index.php\/2022\/02\/24\/15-loai-thuc-pham-tang-cuong-suc-de-khang-phong-chong-covid-19\/\" >\n\t\t\t\t\u0110\u1ecdc th\u00eam\t\t\t<\/a>\n\t\t\t\t<\/div>\n\t\t\t\t<div class=\"elementor-post__meta-data\">\n\t\t\t\t\t<span class=\"elementor-post-date\">\n\t\t\t24 Th\u00e1ng Hai, 2022\t\t<\/span>\n\t\t\t\t<span class=\"elementor-post-avatar\">\n\t\t\tKh\u00f4ng c\u00f3 ph\u1ea3n h\u1ed3i\t\t<\/span>\n\t\t\t\t<\/div>\n\t\t\t\t\t<\/div>\n\t\t<\/article>\n\t\t\t\t<article class=\"elementor-post elementor-grid-item post-215 post type-post status-publish format-standard has-post-thumbnail hentry category-tin-tuc\">\n\t\t\t<div class=\"elementor-post__card\">\n\t\t\t\t<a class=\"elementor-post__thumbnail__link\" href=\"https:\/\/qualis.vn\/index.php\/2022\/02\/24\/nhung-bat-cap-trong-viec-doi-moi-dao-tao-nhan-luc-y-te\/\" >\n\t\t\t<div class=\"elementor-post__thumbnail\"><img loading=\"lazy\" width=\"300\" height=\"300\" src=\"https:\/\/qualis.vn\/wp-content\/uploads\/2022\/02\/qu\u031ber-300x300.jpg\" class=\"attachment-medium size-medium\" alt=\"\" decoding=\"async\" srcset=\"https:\/\/qualis.vn\/wp-content\/uploads\/2022\/02\/qu\u031ber-300x300.jpg 300w, https:\/\/qualis.vn\/wp-content\/uploads\/2022\/02\/qu\u031ber-1024x1024.jpg 1024w, https:\/\/qualis.vn\/wp-content\/uploads\/2022\/02\/qu\u031ber-150x150.jpg 150w, https:\/\/qualis.vn\/wp-content\/uploads\/2022\/02\/qu\u031ber-768x768.jpg 768w\" sizes=\"(max-width: 300px) 100vw, 300px\" \/><\/div>\n\t\t<\/a>\n\t\t\t\t<div class=\"elementor-post__badge\">Tin t\u1ee9c<\/div>\n\t\t\t\t<div class=\"elementor-post__avatar\">\n\t\t\t<img alt='admin' src='https:\/\/secure.gravatar.com\/avatar\/75d23af433e0cea4c0e45a56dba18b30?s=128&#038;d=mm&#038;r=g' srcset='https:\/\/secure.gravatar.com\/avatar\/75d23af433e0cea4c0e45a56dba18b30?s=256&#038;d=mm&#038;r=g 2x' class='avatar avatar-128 photo' height='128' width='128' loading='lazy' decoding='async'\/>\t\t<\/div>\n\t\t\t\t<div class=\"elementor-post__text\">\n\t\t\t\t<h3 class=\"elementor-post__title\">\n\t\t\t<a href=\"https:\/\/qualis.vn\/index.php\/2022\/02\/24\/nhung-bat-cap-trong-viec-doi-moi-dao-tao-nhan-luc-y-te\/\" >\n\t\t\t\tNh\u1eefng b\u1ea5t c\u1eadp trong vi\u1ec7c \u0111\u1ed5i m\u1edbi \u0111\u00e0o t\u1ea1o nh\u00e2n l\u1ef1c y t\u1ebf\t\t\t<\/a>\n\t\t<\/h3>\n\t\t\t\t<div class=\"elementor-post__excerpt\">\n\t\t\t<p>H\u1ec7 th\u1ed1ng \u0111\u00e0o t\u1ea1o nh\u00e2n l\u1ef1c y t\u1ebf \u0111\u00e3 c\u00f3 s\u1ef1 ph\u00e1t tri\u1ec3n m\u1ea1nh m\u1ebd v\u1edbi nhi\u1ec1u tr\u01b0\u1eddng \u0111\u1ea1i h\u1ecdc, cao \u0111\u1eb3ng v\u00e0 trung c\u1ea5p<\/p>\n\t\t<\/div>\n\t\t\t\t\t<a class=\"elementor-post__read-more\" href=\"https:\/\/qualis.vn\/index.php\/2022\/02\/24\/nhung-bat-cap-trong-viec-doi-moi-dao-tao-nhan-luc-y-te\/\" >\n\t\t\t\t\u0110\u1ecdc th\u00eam\t\t\t<\/a>\n\t\t\t\t<\/div>\n\t\t\t\t<div class=\"elementor-post__meta-data\">\n\t\t\t\t\t<span class=\"elementor-post-date\">\n\t\t\t24 Th\u00e1ng Hai, 2022\t\t<\/span>\n\t\t\t\t<span class=\"elementor-post-avatar\">\n\t\t\tKh\u00f4ng c\u00f3 ph\u1ea3n h\u1ed3i\t\t<\/span>\n\t\t\t\t<\/div>\n\t\t\t\t\t<\/div>\n\t\t<\/article>\n\t\t\t\t<article class=\"elementor-post elementor-grid-item post-200 post type-post status-publish format-standard has-post-thumbnail hentry category-tin-tuc\">\n\t\t\t<div class=\"elementor-post__card\">\n\t\t\t\t<a class=\"elementor-post__thumbnail__link\" href=\"https:\/\/qualis.vn\/index.php\/2022\/02\/24\/thanh-toan-khong-dung-tien-mat-trong-kham-chua-benh-tai-phong-kham-benh-vien\/\" >\n\t\t\t<div class=\"elementor-post__thumbnail\"><img loading=\"lazy\" width=\"300\" height=\"300\" src=\"https:\/\/qualis.vn\/wp-content\/uploads\/2022\/02\/4136_tiYn_mYt-300x300.jpg\" class=\"attachment-medium size-medium\" alt=\"\" decoding=\"async\" srcset=\"https:\/\/qualis.vn\/wp-content\/uploads\/2022\/02\/4136_tiYn_mYt-300x300.jpg 300w, https:\/\/qualis.vn\/wp-content\/uploads\/2022\/02\/4136_tiYn_mYt-150x150.jpg 150w\" sizes=\"(max-width: 300px) 100vw, 300px\" \/><\/div>\n\t\t<\/a>\n\t\t\t\t<div class=\"elementor-post__badge\">Tin t\u1ee9c<\/div>\n\t\t\t\t<div class=\"elementor-post__avatar\">\n\t\t\t<img alt='admin' src='https:\/\/secure.gravatar.com\/avatar\/75d23af433e0cea4c0e45a56dba18b30?s=128&#038;d=mm&#038;r=g' srcset='https:\/\/secure.gravatar.com\/avatar\/75d23af433e0cea4c0e45a56dba18b30?s=256&#038;d=mm&#038;r=g 2x' class='avatar avatar-128 photo' height='128' width='128' loading='lazy' decoding='async'\/>\t\t<\/div>\n\t\t\t\t<div class=\"elementor-post__text\">\n\t\t\t\t<h3 class=\"elementor-post__title\">\n\t\t\t<a href=\"https:\/\/qualis.vn\/index.php\/2022\/02\/24\/thanh-toan-khong-dung-tien-mat-trong-kham-chua-benh-tai-phong-kham-benh-vien\/\" >\n\t\t\t\tThanh to\u00e1n kh\u00f4ng d\u00f9ng ti\u1ec1n m\u1eb7t trong kh\u00e1m ch\u1eefa b\u1ec7nh t\u1ea1i ph\u00f2ng kh\u00e1m, b\u1ec7nh vi\u1ec7n\t\t\t<\/a>\n\t\t<\/h3>\n\t\t\t\t<div class=\"elementor-post__excerpt\">\n\t\t\t<p>Thanh to\u00e1n kh\u00f4ng d\u00f9ng ti\u1ec1n m\u1eb7t \u0111ang ng\u00e0y c\u00e0ng \u0111\u01b0\u1ee3c nh\u00e2n r\u1ed9ng \u1edf nhi\u1ec1u l\u0129nh v\u1ef1c, tr\u1edf th\u00e0nh ch\u1ee7 tr\u01b0\u01a1ng c\u1ee7a Nh\u00e0 n\u01b0\u1edbc. Ng\u00e0nh y<\/p>\n\t\t<\/div>\n\t\t\t\t\t<a class=\"elementor-post__read-more\" href=\"https:\/\/qualis.vn\/index.php\/2022\/02\/24\/thanh-toan-khong-dung-tien-mat-trong-kham-chua-benh-tai-phong-kham-benh-vien\/\" >\n\t\t\t\t\u0110\u1ecdc th\u00eam\t\t\t<\/a>\n\t\t\t\t<\/div>\n\t\t\t\t<div class=\"elementor-post__meta-data\">\n\t\t\t\t\t<span class=\"elementor-post-date\">\n\t\t\t24 Th\u00e1ng Hai, 2022\t\t<\/span>\n\t\t\t\t<span class=\"elementor-post-avatar\">\n\t\t\tKh\u00f4ng c\u00f3 ph\u1ea3n h\u1ed3i\t\t<\/span>\n\t\t\t\t<\/div>\n\t\t\t\t\t<\/div>\n\t\t<\/article>\n\t\t\t\t<\/div>\n\n\n\t\t\n\t\t\t\t<\/div>\n\t\t\t\t<\/div>\n\t\t\t\t\t\t<\/div>\n\t\t\t\t\t<\/div>\n\t\t<\/div>\n\t\t\t\t\t\t\t\t<\/div>\n\t\t\t\t\t<\/div>\n\t\t<\/section>\n\t\t\t\t\t\t<\/div>\n\t\t\t\t\t\t<\/div>\n\t\t\t\t\t<\/div>\n\t\t","protected":false},"excerpt":{"rendered":"","protected":false},"author":1,"featured_media":0,"parent":0,"menu_order":0,"comment_status":"closed","ping_status":"closed","template":"","meta":{"footnotes":""},"yoast_head":"<!-- This site is optimized with the Yoast SEO plugin v18.2 - https:\/\/yoast.com\/wordpress\/plugins\/seo\/ -->\n<title>TIN T\u1ee8C - QUALIS AMPLIO<\/title>\n<meta name=\"robots\" content=\"index, follow, max-snippet:-1, max-image-preview:large, max-video-preview:-1\" \/>\n<link rel=\"canonical\" href=\"https:\/\/qualis.vn\/index.php\/tin-tuc\/\" \/>\n<meta property=\"og:locale\" content=\"vi_VN\" \/>\n<meta property=\"og:type\" content=\"article\" \/>\n<meta property=\"og:title\" content=\"TIN T\u1ee8C - QUALIS AMPLIO\" \/>\n<meta property=\"og:url\" content=\"https:\/\/qualis.vn\/index.php\/tin-tuc\/\" \/>\n<meta property=\"og:site_name\" content=\"QUALIS AMPLIO\" \/>\n<meta property=\"article:modified_time\" content=\"2022-03-08T03:32:44+00:00\" \/>\n<meta name=\"twitter:card\" content=\"summary_large_image\" \/>\n<meta name=\"twitter:label1\" content=\"\u01af\u1edbc t\u00ednh th\u1eddi gian \u0111\u1ecdc\" \/>\n\t<meta name=\"twitter:data1\" content=\"3 ph\u00fat\" \/>\n<script type=\"application\/ld+json\" class=\"yoast-schema-graph\">{\"@context\":\"https:\/\/schema.org\",\"@graph\":[{\"@type\":\"WebSite\",\"@id\":\"https:\/\/qualis.vn\/#website\",\"url\":\"https:\/\/qualis.vn\/\",\"name\":\"QUALIS AMPLIO\",\"description\":\"C\u00f4ng ty chuy\u00ean thi\u1ebft k\u1ebf v\u00e0 b\u00e1n c\u00e1c ph\u1ea7n m\u1ec1m\",\"potentialAction\":[{\"@type\":\"SearchAction\",\"target\":{\"@type\":\"EntryPoint\",\"urlTemplate\":\"https:\/\/qualis.vn\/?s={search_term_string}\"},\"query-input\":\"required name=search_term_string\"}],\"inLanguage\":\"vi\"},{\"@type\":\"WebPage\",\"@id\":\"https:\/\/qualis.vn\/index.php\/tin-tuc\/#webpage\",\"url\":\"https:\/\/qualis.vn\/index.php\/tin-tuc\/\",\"name\":\"TIN T\u1ee8C - QUALIS AMPLIO\",\"isPartOf\":{\"@id\":\"https:\/\/qualis.vn\/#website\"},\"datePublished\":\"2018-08-15T06:26:42+00:00\",\"dateModified\":\"2022-03-08T03:32:44+00:00\",\"breadcrumb\":{\"@id\":\"https:\/\/qualis.vn\/index.php\/tin-tuc\/#breadcrumb\"},\"inLanguage\":\"vi\",\"potentialAction\":[{\"@type\":\"ReadAction\",\"target\":[\"https:\/\/qualis.vn\/index.php\/tin-tuc\/\"]}]},{\"@type\":\"BreadcrumbList\",\"@id\":\"https:\/\/qualis.vn\/index.php\/tin-tuc\/#breadcrumb\",\"itemListElement\":[{\"@type\":\"ListItem\",\"position\":1,\"name\":\"Trang ch\u1ee7\",\"item\":\"https:\/\/qualis.vn\/\"},{\"@type\":\"ListItem\",\"position\":2,\"name\":\"TIN T\u1ee8C\"}]}]}<\/script>\n<!-- \/ Yoast SEO plugin. -->","yoast_head_json":{"title":"TIN T\u1ee8C - QUALIS AMPLIO","robots":{"index":"index","follow":"follow","max-snippet":"max-snippet:-1","max-image-preview":"max-image-preview:large","max-video-preview":"max-video-preview:-1"},"canonical":"https:\/\/qualis.vn\/index.php\/tin-tuc\/","og_locale":"vi_VN","og_type":"article","og_title":"TIN T\u1ee8C - QUALIS AMPLIO","og_url":"https:\/\/qualis.vn\/index.php\/tin-tuc\/","og_site_name":"QUALIS AMPLIO","article_modified_time":"2022-03-08T03:32:44+00:00","twitter_card":"summary_large_image","twitter_misc":{"\u01af\u1edbc t\u00ednh th\u1eddi gian \u0111\u1ecdc":"3 ph\u00fat"},"schema":{"@context":"https:\/\/schema.org","@graph":[{"@type":"WebSite","@id":"https:\/\/qualis.vn\/#website","url":"https:\/\/qualis.vn\/","name":"QUALIS AMPLIO","description":"C\u00f4ng ty chuy\u00ean thi\u1ebft k\u1ebf v\u00e0 b\u00e1n c\u00e1c ph\u1ea7n m\u1ec1m","potentialAction":[{"@type":"SearchAction","target":{"@type":"EntryPoint","urlTemplate":"https:\/\/qualis.vn\/?s={search_term_string}"},"query-input":"required name=search_term_string"}],"inLanguage":"vi"},{"@type":"WebPage","@id":"https:\/\/qualis.vn\/index.php\/tin-tuc\/#webpage","url":"https:\/\/qualis.vn\/index.php\/tin-tuc\/","name":"TIN T\u1ee8C - QUALIS AMPLIO","isPartOf":{"@id":"https:\/\/qualis.vn\/#website"},"datePublished":"2018-08-15T06:26:42+00:00","dateModified":"2022-03-08T03:32:44+00:00","breadcrumb":{"@id":"https:\/\/qualis.vn\/index.php\/tin-tuc\/#breadcrumb"},"inLanguage":"vi","potentialAction":[{"@type":"ReadAction","target":["https:\/\/qualis.vn\/index.php\/tin-tuc\/"]}]},{"@type":"BreadcrumbList","@id":"https:\/\/qualis.vn\/index.php\/tin-tuc\/#breadcrumb","itemListElement":[{"@type":"ListItem","position":1,"name":"Trang ch\u1ee7","item":"https:\/\/qualis.vn\/"},{"@type":"ListItem","position":2,"name":"TIN T\u1ee8C"}]}]}},"_links":{"self":[{"href":"https:\/\/qualis.vn\/index.php\/wp-json\/wp\/v2\/pages\/67"}],"collection":[{"href":"https:\/\/qualis.vn\/index.php\/wp-json\/wp\/v2\/pages"}],"about":[{"href":"https:\/\/qualis.vn\/index.php\/wp-json\/wp\/v2\/types\/page"}],"author":[{"embeddable":true,"href":"https:\/\/qualis.vn\/index.php\/wp-json\/wp\/v2\/users\/1"}],"replies":[{"embeddable":true,"href":"https:\/\/qualis.vn\/index.php\/wp-json\/wp\/v2\/comments?post=67"}],"version-history":[{"count":51,"href":"https:\/\/qualis.vn\/index.php\/wp-json\/wp\/v2\/pages\/67\/revisions"}],"predecessor-version":[{"id":1542,"href":"https:\/\/qualis.vn\/index.php\/wp-json\/wp\/v2\/pages\/67\/revisions\/1542"}],"wp:attachment":[{"href":"https:\/\/qualis.vn\/index.php\/wp-json\/wp\/v2\/media?parent=67"}],"curies":[{"name":"wp","href":"https:\/\/api.w.org\/{rel}","templated":true}]}}