{"id":1167,"date":"2022-03-03T10:05:27","date_gmt":"2022-03-03T10:05:27","guid":{"rendered":"https:\/\/eyes.landoan.xyz\/?page_id=1167"},"modified":"2022-03-03T11:32:41","modified_gmt":"2022-03-03T11:32:41","slug":"bai-viet-2","status":"publish","type":"page","link":"https:\/\/qualis.vn\/index.php\/bai-viet-2\/","title":{"rendered":"T\u00c0I LI\u1ec6U"},"content":{"rendered":"\t\t<div data-elementor-type=\"wp-page\" data-elementor-id=\"1167\" class=\"elementor elementor-1167\" data-elementor-settings=\"[]\">\n\t\t\t\t\t\t<div class=\"elementor-inner\">\n\t\t\t\t\t\t\t<div class=\"elementor-section-wrap\">\n\t\t\t\t\t\t\t<section class=\"elementor-section elementor-top-section elementor-element elementor-element-eb0a635 elementor-section-boxed elementor-section-height-default elementor-section-height-default\" data-id=\"eb0a635\" data-element_type=\"section\">\n\t\t\t\t\t\t<div class=\"elementor-container elementor-column-gap-default\">\n\t\t\t\t\t\t\t<div class=\"elementor-row\">\n\t\t\t\t\t<div class=\"aux-parallax-section elementor-column elementor-col-66 elementor-top-column elementor-element elementor-element-ea008d5\" data-id=\"ea008d5\" data-element_type=\"column\">\n\t\t\t<div class=\"elementor-column-wrap elementor-element-populated\">\n\t\t\t\t\t\t\t<div class=\"elementor-widget-wrap\">\n\t\t\t\t\t\t<div class=\"elementor-element elementor-element-095b5c4 elementor-widget elementor-widget-heading\" data-id=\"095b5c4\" data-element_type=\"widget\" data-widget_type=\"heading.default\">\n\t\t\t\t<div class=\"elementor-widget-container\">\n\t\t\t<h2 class=\"elementor-heading-title elementor-size-default\">Danh m\u1ee5c t\u00e0i li\u1ec7u<\/h2>\t\t<\/div>\n\t\t\t\t<\/div>\n\t\t\t\t\t\t<\/div>\n\t\t\t\t\t<\/div>\n\t\t<\/div>\n\t\t\t\t<div class=\"aux-parallax-section elementor-column elementor-col-33 elementor-top-column elementor-element elementor-element-67b9dac\" data-id=\"67b9dac\" data-element_type=\"column\">\n\t\t\t<div class=\"elementor-column-wrap elementor-element-populated\">\n\t\t\t\t\t\t\t<div class=\"elementor-widget-wrap\">\n\t\t\t\t\t\t<div class=\"elementor-element elementor-element-ed243a1 elementor-search-form-skin-default elementor-widget elementor-widget-bdt-search\" data-id=\"ed243a1\" data-element_type=\"widget\" data-widget_type=\"bdt-search.default\">\n\t\t\t\t<div class=\"elementor-widget-container\">\n\t\t\t\t\t<div class=\"bdt-search-container\">\n\t\t\t\n\t\t\t\n\t\t\t<form class=\"bdt-search bdt-ajax-search bdt-search-default\" role=\"search\" method=\"get\" action=\"https:\/\/qualis.vn\/\" anchor-target=\"yes\" autocomplete=\"off\" data-settings=\"{&quot;post_type&quot;:&quot;post&quot;,&quot;per_page&quot;:3,&quot;include_by&quot;:[&quot;terms&quot;],&quot;include_term_ids&quot;:[&quot;14&quot;]}\">\n\t\t\t\t<div class=\"bdt-position-relative\">\n\t\t\t\t\t<span class=\"\" data-bdt-search-icon><\/span>\t\t\t\t\t\t\t\t\t\t\t<input name=\"post_type\" id=\"post_type\" type=\"hidden\" value=\"post\">\n\t\t\t\t\t\t\t\t\t\t<input placeholder=\"T\u00ecm ki\u1ebfm t\u00e0i li\u1ec7u\" class=\"bdt-search-input\" type=\"search\" name=\"s\" title=\"Search\" value=\"\">\n\t\t\t\t\t\t\t\t\t<\/div>\n\n\n\t\t\t\t\t\t\t\t\t<div class=\"bdt-search-result\"><\/div>\n\t\t\t\t\t\t\t<\/form>\n\n\t\t\t\t<\/div>\n\t\t\t\t<\/div>\n\t\t\t\t<\/div>\n\t\t\t\t\t\t<\/div>\n\t\t\t\t\t<\/div>\n\t\t<\/div>\n\t\t\t\t\t\t\t\t<\/div>\n\t\t\t\t\t<\/div>\n\t\t<\/section>\n\t\t\t\t<section class=\"elementor-section elementor-top-section elementor-element elementor-element-614e130 elementor-section-boxed elementor-section-height-default elementor-section-height-default\" data-id=\"614e130\" data-element_type=\"section\">\n\t\t\t\t\t\t<div class=\"elementor-container elementor-column-gap-default\">\n\t\t\t\t\t\t\t<div class=\"elementor-row\">\n\t\t\t\t\t<div class=\"aux-parallax-section elementor-column elementor-col-100 elementor-top-column elementor-element elementor-element-292e32c\" data-id=\"292e32c\" data-element_type=\"column\">\n\t\t\t<div class=\"elementor-column-wrap elementor-element-populated\">\n\t\t\t\t\t\t\t<div class=\"elementor-widget-wrap\">\n\t\t\t\t\t\t<div class=\"elementor-element elementor-element-58f5b87 bdt-has-divider--yes elementor-widget elementor-widget-bdt-post-list\" data-id=\"58f5b87\" data-element_type=\"widget\" data-widget_type=\"bdt-post-list.default\">\n\t\t\t\t<div class=\"elementor-widget-container\">\n\t\t\t \n\t\t\t<div id=\"bdt-post-list-58f5b87\" class=\"bdt-post-list bdt-post-list-skin-base\">\n\t\t  \t\t<div data-bdt-scrollspy=\"cls: bdt-animation-fade; target: > ul > .bdt-post-list-item; delay: 350;\">\n\t\t  \t\t\t<ul class=\"bdt-list bdt-list-large bdt-post-list-item list-part bdt-list-divider\">\n\t\t\t\t\t\t\t\t\t\t  \t\t\t<li >\n\t\t\t\t\t  \t\t\t<div class=\"bdt-post-list-item-inner\">\n\t\t\t\t\t\t  \t\t\t<div class=\"bdt-grid bdt-grid-small bdt-flex-middle\" data-bdt-grid>\n\n\t\t\t\t\t\t\t\t\t  \t\t\t\t\t\t\t  \t\t\t\t<div class=\"bdt-post-list-thumbnail bdt-width-auto\">\n\t\t\t\t\t\t  \t\t\t\t\t<a href=\"https:\/\/qualis.vn\/index.php\/2022\/03\/03\/tai-lieu-4\/\" title=\"T\u00e0i li\u1ec7u 4\">\n\t\t\t\t\t\t\t  \t\t\t\t\t<img decoding=\"async\" src=\"https:\/\/qualis.vn\/wp-content\/uploads\/2022\/02\/tracefarm-phan-mem-quan-ly-trang-trai-150x150.jpg\" alt=\"T\u00e0i li\u1ec7u 4\">\n\t\t\t\t\t\t\t  \t\t\t\t<\/a>\n\t\t\t\t\t\t  \t\t\t\t<\/div>\n\t\t\t\t\t\t\t\t\t\t\n\t\t\t\t\t\t\t\t  \t\t<div class=\"bdt-post-list-desc bdt-width-expand\">\n\t\t\t\t\t\t\t\t\t\t\t\t\t\t\t\t\t\t\t\t\t\t\t<h4 class=\"bdt-post-list-title\">\n\t\t\t\t\t\t\t\t\t\t\t\t\t<a href=\"https:\/\/qualis.vn\/index.php\/2022\/03\/03\/tai-lieu-4\/\" class=\"bdt-post-list-link\" title=\"T\u00e0i li\u1ec7u 4\">T\u00e0i li\u1ec7u 4<\/a>\n\t\t\t\t\t\t\t\t\t\t\t\t<\/h4>\n\t\t\t\t\t\t\t\t\t\t\t\n\t\t\t\t\t\t\t            \t\n\t\t\t\t\t\t\t\t\t\t\t\t<div class=\"bdt-post-list-meta bdt-subnav bdt-flex-middle\">\n\t\t\t\t\t\t\t\t\t\t\t\t\t<span>3 Th\u00e1ng Ba, 2022<\/span>\t\t\t\t\t\t\t\t\t\t\t\t\t\t\t\t\t\t\t\t\t\t\t\t\t\t\t        <span>\n\t\t\t\n\t\t\t<a href=\"https:\/\/qualis.vn\/index.php\/category\/tai-lieu\/\">T\u00e0i li\u1ec7u<\/a>        <\/span>\n\t\t\t\t\t\t\t\t\t\t\t\t\t\t\t\t\t\t\t\t\t\t\t\t\t\t\t\t\n\t\t\t\t\t\t\t\t\t\t\t\t<\/div>\n\n\t\t\t\t\t\t\t\t\t\t\t\t\t\t\t\t\t\t\t  \t\t<\/div>\n\t\t\t\t\t\t\t\t\t<\/div>\n\t\t\t\t\t\t\t\t<\/div>\n\t\t\t\t\t\t\t<\/li>\n\t\t\t\t\t\t\t\t\t\t  \t\t\t<li >\n\t\t\t\t\t  \t\t\t<div class=\"bdt-post-list-item-inner\">\n\t\t\t\t\t\t  \t\t\t<div class=\"bdt-grid bdt-grid-small bdt-flex-middle\" data-bdt-grid>\n\n\t\t\t\t\t\t\t\t\t  \t\t\t\t\t\t\t  \t\t\t\t<div class=\"bdt-post-list-thumbnail bdt-width-auto\">\n\t\t\t\t\t\t  \t\t\t\t\t<a href=\"https:\/\/qualis.vn\/index.php\/2022\/03\/03\/tai-lieu-3\/\" title=\"T\u00e0i li\u1ec7u 3\">\n\t\t\t\t\t\t\t  \t\t\t\t\t<img decoding=\"async\" src=\"https:\/\/qualis.vn\/wp-content\/uploads\/2022\/02\/iStock-949946968-150x150.jpeg\" alt=\"T\u00e0i li\u1ec7u 3\">\n\t\t\t\t\t\t\t  \t\t\t\t<\/a>\n\t\t\t\t\t\t  \t\t\t\t<\/div>\n\t\t\t\t\t\t\t\t\t\t\n\t\t\t\t\t\t\t\t  \t\t<div class=\"bdt-post-list-desc bdt-width-expand\">\n\t\t\t\t\t\t\t\t\t\t\t\t\t\t\t\t\t\t\t\t\t\t\t<h4 class=\"bdt-post-list-title\">\n\t\t\t\t\t\t\t\t\t\t\t\t\t<a href=\"https:\/\/qualis.vn\/index.php\/2022\/03\/03\/tai-lieu-3\/\" class=\"bdt-post-list-link\" title=\"T\u00e0i li\u1ec7u 3\">T\u00e0i li\u1ec7u 3<\/a>\n\t\t\t\t\t\t\t\t\t\t\t\t<\/h4>\n\t\t\t\t\t\t\t\t\t\t\t\n\t\t\t\t\t\t\t            \t\n\t\t\t\t\t\t\t\t\t\t\t\t<div class=\"bdt-post-list-meta bdt-subnav bdt-flex-middle\">\n\t\t\t\t\t\t\t\t\t\t\t\t\t<span>3 Th\u00e1ng Ba, 2022<\/span>\t\t\t\t\t\t\t\t\t\t\t\t\t\t\t\t\t\t\t\t\t\t\t\t\t\t\t        <span>\n\t\t\t\n\t\t\t<a href=\"https:\/\/qualis.vn\/index.php\/category\/tai-lieu\/\">T\u00e0i li\u1ec7u<\/a>        <\/span>\n\t\t\t\t\t\t\t\t\t\t\t\t\t\t\t\t\t\t\t\t\t\t\t\t\t\t\t\t\n\t\t\t\t\t\t\t\t\t\t\t\t<\/div>\n\n\t\t\t\t\t\t\t\t\t\t\t\t\t\t\t\t\t\t\t  \t\t<\/div>\n\t\t\t\t\t\t\t\t\t<\/div>\n\t\t\t\t\t\t\t\t<\/div>\n\t\t\t\t\t\t\t<\/li>\n\t\t\t\t\t\t\t\t\t\t  \t\t\t<li >\n\t\t\t\t\t  \t\t\t<div class=\"bdt-post-list-item-inner\">\n\t\t\t\t\t\t  \t\t\t<div class=\"bdt-grid bdt-grid-small bdt-flex-middle\" data-bdt-grid>\n\n\t\t\t\t\t\t\t\t\t  \t\t\t\t\t\t\t  \t\t\t\t<div class=\"bdt-post-list-thumbnail bdt-width-auto\">\n\t\t\t\t\t\t  \t\t\t\t\t<a href=\"https:\/\/qualis.vn\/index.php\/2022\/03\/03\/tai-lieu-2\/\" title=\"T\u00e0i li\u1ec7u 2\">\n\t\t\t\t\t\t\t  \t\t\t\t\t<img decoding=\"async\" src=\"https:\/\/qualis.vn\/wp-content\/uploads\/2022\/02\/20200214_khoa-xet-nghiem-22_jpg-150x150.jpg\" alt=\"T\u00e0i li\u1ec7u 2\">\n\t\t\t\t\t\t\t  \t\t\t\t<\/a>\n\t\t\t\t\t\t  \t\t\t\t<\/div>\n\t\t\t\t\t\t\t\t\t\t\n\t\t\t\t\t\t\t\t  \t\t<div class=\"bdt-post-list-desc bdt-width-expand\">\n\t\t\t\t\t\t\t\t\t\t\t\t\t\t\t\t\t\t\t\t\t\t\t<h4 class=\"bdt-post-list-title\">\n\t\t\t\t\t\t\t\t\t\t\t\t\t<a href=\"https:\/\/qualis.vn\/index.php\/2022\/03\/03\/tai-lieu-2\/\" class=\"bdt-post-list-link\" title=\"T\u00e0i li\u1ec7u 2\">T\u00e0i li\u1ec7u 2<\/a>\n\t\t\t\t\t\t\t\t\t\t\t\t<\/h4>\n\t\t\t\t\t\t\t\t\t\t\t\n\t\t\t\t\t\t\t            \t\n\t\t\t\t\t\t\t\t\t\t\t\t<div class=\"bdt-post-list-meta bdt-subnav bdt-flex-middle\">\n\t\t\t\t\t\t\t\t\t\t\t\t\t<span>3 Th\u00e1ng Ba, 2022<\/span>\t\t\t\t\t\t\t\t\t\t\t\t\t\t\t\t\t\t\t\t\t\t\t\t\t\t\t        <span>\n\t\t\t\n\t\t\t<a href=\"https:\/\/qualis.vn\/index.php\/category\/tai-lieu\/\">T\u00e0i li\u1ec7u<\/a>        <\/span>\n\t\t\t\t\t\t\t\t\t\t\t\t\t\t\t\t\t\t\t\t\t\t\t\t\t\t\t\t\n\t\t\t\t\t\t\t\t\t\t\t\t<\/div>\n\n\t\t\t\t\t\t\t\t\t\t\t\t\t\t\t\t\t\t\t  \t\t<\/div>\n\t\t\t\t\t\t\t\t\t<\/div>\n\t\t\t\t\t\t\t\t<\/div>\n\t\t\t\t\t\t\t<\/li>\n\t\t\t\t\t\t\t\t\t\t  \t\t\t<li >\n\t\t\t\t\t  \t\t\t<div class=\"bdt-post-list-item-inner\">\n\t\t\t\t\t\t  \t\t\t<div class=\"bdt-grid bdt-grid-small bdt-flex-middle\" data-bdt-grid>\n\n\t\t\t\t\t\t\t\t\t  \t\t\t\t\t\t\t  \t\t\t\t<div class=\"bdt-post-list-thumbnail bdt-width-auto\">\n\t\t\t\t\t\t  \t\t\t\t\t<a href=\"https:\/\/qualis.vn\/index.php\/2022\/03\/03\/tai-lieu\/\" title=\"T\u00e0i li\u1ec7u\">\n\t\t\t\t\t\t\t  \t\t\t\t\t<img decoding=\"async\" src=\"https:\/\/qualis.vn\/wp-content\/uploads\/2022\/02\/noi-quy-quy-dinh-trong-phong-thi-nghiem-hoa-hoc5f8d68f579a0e-150x150.jpg\" alt=\"T\u00e0i li\u1ec7u\">\n\t\t\t\t\t\t\t  \t\t\t\t<\/a>\n\t\t\t\t\t\t  \t\t\t\t<\/div>\n\t\t\t\t\t\t\t\t\t\t\n\t\t\t\t\t\t\t\t  \t\t<div class=\"bdt-post-list-desc bdt-width-expand\">\n\t\t\t\t\t\t\t\t\t\t\t\t\t\t\t\t\t\t\t\t\t\t\t<h4 class=\"bdt-post-list-title\">\n\t\t\t\t\t\t\t\t\t\t\t\t\t<a href=\"https:\/\/qualis.vn\/index.php\/2022\/03\/03\/tai-lieu\/\" class=\"bdt-post-list-link\" title=\"T\u00e0i li\u1ec7u\">T\u00e0i li\u1ec7u<\/a>\n\t\t\t\t\t\t\t\t\t\t\t\t<\/h4>\n\t\t\t\t\t\t\t\t\t\t\t\n\t\t\t\t\t\t\t            \t\n\t\t\t\t\t\t\t\t\t\t\t\t<div class=\"bdt-post-list-meta bdt-subnav bdt-flex-middle\">\n\t\t\t\t\t\t\t\t\t\t\t\t\t<span>3 Th\u00e1ng Ba, 2022<\/span>\t\t\t\t\t\t\t\t\t\t\t\t\t\t\t\t\t\t\t\t\t\t\t\t\t\t\t        <span>\n\t\t\t\n\t\t\t<a href=\"https:\/\/qualis.vn\/index.php\/category\/tai-lieu\/\">T\u00e0i li\u1ec7u<\/a>        <\/span>\n\t\t\t\t\t\t\t\t\t\t\t\t\t\t\t\t\t\t\t\t\t\t\t\t\t\t\t\t\n\t\t\t\t\t\t\t\t\t\t\t\t<\/div>\n\n\t\t\t\t\t\t\t\t\t\t\t\t\t\t\t\t\t\t\t  \t\t<\/div>\n\t\t\t\t\t\t\t\t\t<\/div>\n\t\t\t\t\t\t\t\t<\/div>\n\t\t\t\t\t\t\t<\/li>\n\t\t\t\t\t\t\t\t\t\t\t\t\t\t\t\t\t<\/ul>\n\t\t\t\t<\/div>\n\t\t\t<\/div>\n\t\t\n\t\t \t\t\t\t\t<div class=\"ep-pagination\">\n\t\t\t\t\t\t\t\t\t<\/div>\n\t\t\t\t\t\t<\/div>\n\t\t\t\t<\/div>\n\t\t\t\t\t\t<\/div>\n\t\t\t\t\t<\/div>\n\t\t<\/div>\n\t\t\t\t\t\t\t\t<\/div>\n\t\t\t\t\t<\/div>\n\t\t<\/section>\n\t\t\t\t\t\t<\/div>\n\t\t\t\t\t\t<\/div>\n\t\t\t\t\t<\/div>\n\t\t","protected":false},"excerpt":{"rendered":"<p>Danh m\u1ee5c t\u00e0i li\u1ec7u ul > .bdt-post-list-item; delay: 350;&#8221;> T\u00e0i li\u1ec7u 4 3 Th\u00e1ng Ba, 2022 T\u00e0i li\u1ec7u T\u00e0i li\u1ec7u 3 3 Th\u00e1ng Ba, 2022 T\u00e0i li\u1ec7u T\u00e0i li\u1ec7u 2 3 Th\u00e1ng Ba, 2022 T\u00e0i li\u1ec7u T\u00e0i li\u1ec7u 3 Th\u00e1ng Ba, 2022 T\u00e0i li\u1ec7u<\/p>\n","protected":false},"author":1,"featured_media":0,"parent":0,"menu_order":0,"comment_status":"closed","ping_status":"closed","template":"","meta":{"footnotes":""},"yoast_head":"<!-- This site is optimized with the Yoast SEO plugin v18.2 - https:\/\/yoast.com\/wordpress\/plugins\/seo\/ -->\n<title>T\u00c0I LI\u1ec6U - QUALIS AMPLIO<\/title>\n<meta name=\"robots\" content=\"index, follow, max-snippet:-1, max-image-preview:large, max-video-preview:-1\" \/>\n<link rel=\"canonical\" href=\"https:\/\/qualis.vn\/index.php\/bai-viet-2\/\" \/>\n<meta property=\"og:locale\" content=\"vi_VN\" \/>\n<meta property=\"og:type\" content=\"article\" \/>\n<meta property=\"og:title\" content=\"T\u00c0I LI\u1ec6U - QUALIS AMPLIO\" \/>\n<meta property=\"og:description\" content=\"Danh m\u1ee5c t\u00e0i li\u1ec7u ul &gt; .bdt-post-list-item; delay: 350;&#8221;&gt; T\u00e0i li\u1ec7u 4 3 Th\u00e1ng Ba, 2022 T\u00e0i li\u1ec7u T\u00e0i li\u1ec7u 3 3 Th\u00e1ng Ba, 2022 T\u00e0i li\u1ec7u T\u00e0i li\u1ec7u 2 3 Th\u00e1ng Ba, 2022 T\u00e0i li\u1ec7u T\u00e0i li\u1ec7u 3 Th\u00e1ng Ba, 2022 T\u00e0i li\u1ec7u\" \/>\n<meta property=\"og:url\" content=\"https:\/\/qualis.vn\/index.php\/bai-viet-2\/\" \/>\n<meta property=\"og:site_name\" content=\"QUALIS AMPLIO\" \/>\n<meta property=\"article:modified_time\" content=\"2022-03-03T11:32:41+00:00\" \/>\n<meta property=\"og:image\" content=\"https:\/\/eyes.landoan.xyz\/wp-content\/uploads\/2022\/02\/tracefarm-phan-mem-quan-ly-trang-trai-150x150.jpg\" \/>\n<meta name=\"twitter:card\" content=\"summary_large_image\" \/>\n<meta name=\"twitter:label1\" content=\"\u01af\u1edbc t\u00ednh th\u1eddi gian \u0111\u1ecdc\" \/>\n\t<meta name=\"twitter:data1\" content=\"2 ph\u00fat\" \/>\n<script type=\"application\/ld+json\" class=\"yoast-schema-graph\">{\"@context\":\"https:\/\/schema.org\",\"@graph\":[{\"@type\":\"WebSite\",\"@id\":\"https:\/\/qualis.vn\/#website\",\"url\":\"https:\/\/qualis.vn\/\",\"name\":\"QUALIS AMPLIO\",\"description\":\"C\u00f4ng ty chuy\u00ean thi\u1ebft k\u1ebf v\u00e0 b\u00e1n c\u00e1c ph\u1ea7n m\u1ec1m\",\"potentialAction\":[{\"@type\":\"SearchAction\",\"target\":{\"@type\":\"EntryPoint\",\"urlTemplate\":\"https:\/\/qualis.vn\/?s={search_term_string}\"},\"query-input\":\"required name=search_term_string\"}],\"inLanguage\":\"vi\"},{\"@type\":\"ImageObject\",\"@id\":\"https:\/\/qualis.vn\/index.php\/bai-viet-2\/#primaryimage\",\"inLanguage\":\"vi\",\"url\":\"https:\/\/eyes.landoan.xyz\/wp-content\/uploads\/2022\/02\/tracefarm-phan-mem-quan-ly-trang-trai-150x150.jpg\",\"contentUrl\":\"https:\/\/eyes.landoan.xyz\/wp-content\/uploads\/2022\/02\/tracefarm-phan-mem-quan-ly-trang-trai-150x150.jpg\"},{\"@type\":\"WebPage\",\"@id\":\"https:\/\/qualis.vn\/index.php\/bai-viet-2\/#webpage\",\"url\":\"https:\/\/qualis.vn\/index.php\/bai-viet-2\/\",\"name\":\"T\u00c0I LI\u1ec6U - QUALIS AMPLIO\",\"isPartOf\":{\"@id\":\"https:\/\/qualis.vn\/#website\"},\"primaryImageOfPage\":{\"@id\":\"https:\/\/qualis.vn\/index.php\/bai-viet-2\/#primaryimage\"},\"datePublished\":\"2022-03-03T10:05:27+00:00\",\"dateModified\":\"2022-03-03T11:32:41+00:00\",\"breadcrumb\":{\"@id\":\"https:\/\/qualis.vn\/index.php\/bai-viet-2\/#breadcrumb\"},\"inLanguage\":\"vi\",\"potentialAction\":[{\"@type\":\"ReadAction\",\"target\":[\"https:\/\/qualis.vn\/index.php\/bai-viet-2\/\"]}]},{\"@type\":\"BreadcrumbList\",\"@id\":\"https:\/\/qualis.vn\/index.php\/bai-viet-2\/#breadcrumb\",\"itemListElement\":[{\"@type\":\"ListItem\",\"position\":1,\"name\":\"Trang ch\u1ee7\",\"item\":\"https:\/\/qualis.vn\/\"},{\"@type\":\"ListItem\",\"position\":2,\"name\":\"T\u00c0I LI\u1ec6U\"}]}]}<\/script>\n<!-- \/ Yoast SEO plugin. -->","yoast_head_json":{"title":"T\u00c0I LI\u1ec6U - QUALIS AMPLIO","robots":{"index":"index","follow":"follow","max-snippet":"max-snippet:-1","max-image-preview":"max-image-preview:large","max-video-preview":"max-video-preview:-1"},"canonical":"https:\/\/qualis.vn\/index.php\/bai-viet-2\/","og_locale":"vi_VN","og_type":"article","og_title":"T\u00c0I LI\u1ec6U - QUALIS AMPLIO","og_description":"Danh m\u1ee5c t\u00e0i li\u1ec7u ul > .bdt-post-list-item; delay: 350;&#8221;> T\u00e0i li\u1ec7u 4 3 Th\u00e1ng Ba, 2022 T\u00e0i li\u1ec7u T\u00e0i li\u1ec7u 3 3 Th\u00e1ng Ba, 2022 T\u00e0i li\u1ec7u T\u00e0i li\u1ec7u 2 3 Th\u00e1ng Ba, 2022 T\u00e0i li\u1ec7u T\u00e0i li\u1ec7u 3 Th\u00e1ng Ba, 2022 T\u00e0i li\u1ec7u","og_url":"https:\/\/qualis.vn\/index.php\/bai-viet-2\/","og_site_name":"QUALIS AMPLIO","article_modified_time":"2022-03-03T11:32:41+00:00","og_image":[{"url":"https:\/\/eyes.landoan.xyz\/wp-content\/uploads\/2022\/02\/tracefarm-phan-mem-quan-ly-trang-trai-150x150.jpg"}],"twitter_card":"summary_large_image","twitter_misc":{"\u01af\u1edbc t\u00ednh th\u1eddi gian \u0111\u1ecdc":"2 ph\u00fat"},"schema":{"@context":"https:\/\/schema.org","@graph":[{"@type":"WebSite","@id":"https:\/\/qualis.vn\/#website","url":"https:\/\/qualis.vn\/","name":"QUALIS AMPLIO","description":"C\u00f4ng ty chuy\u00ean thi\u1ebft k\u1ebf v\u00e0 b\u00e1n c\u00e1c ph\u1ea7n m\u1ec1m","potentialAction":[{"@type":"SearchAction","target":{"@type":"EntryPoint","urlTemplate":"https:\/\/qualis.vn\/?s={search_term_string}"},"query-input":"required name=search_term_string"}],"inLanguage":"vi"},{"@type":"ImageObject","@id":"https:\/\/qualis.vn\/index.php\/bai-viet-2\/#primaryimage","inLanguage":"vi","url":"https:\/\/eyes.landoan.xyz\/wp-content\/uploads\/2022\/02\/tracefarm-phan-mem-quan-ly-trang-trai-150x150.jpg","contentUrl":"https:\/\/eyes.landoan.xyz\/wp-content\/uploads\/2022\/02\/tracefarm-phan-mem-quan-ly-trang-trai-150x150.jpg"},{"@type":"WebPage","@id":"https:\/\/qualis.vn\/index.php\/bai-viet-2\/#webpage","url":"https:\/\/qualis.vn\/index.php\/bai-viet-2\/","name":"T\u00c0I LI\u1ec6U - QUALIS AMPLIO","isPartOf":{"@id":"https:\/\/qualis.vn\/#website"},"primaryImageOfPage":{"@id":"https:\/\/qualis.vn\/index.php\/bai-viet-2\/#primaryimage"},"datePublished":"2022-03-03T10:05:27+00:00","dateModified":"2022-03-03T11:32:41+00:00","breadcrumb":{"@id":"https:\/\/qualis.vn\/index.php\/bai-viet-2\/#breadcrumb"},"inLanguage":"vi","potentialAction":[{"@type":"ReadAction","target":["https:\/\/qualis.vn\/index.php\/bai-viet-2\/"]}]},{"@type":"BreadcrumbList","@id":"https:\/\/qualis.vn\/index.php\/bai-viet-2\/#breadcrumb","itemListElement":[{"@type":"ListItem","position":1,"name":"Trang ch\u1ee7","item":"https:\/\/qualis.vn\/"},{"@type":"ListItem","position":2,"name":"T\u00c0I LI\u1ec6U"}]}]}},"_links":{"self":[{"href":"https:\/\/qualis.vn\/index.php\/wp-json\/wp\/v2\/pages\/1167"}],"collection":[{"href":"https:\/\/qualis.vn\/index.php\/wp-json\/wp\/v2\/pages"}],"about":[{"href":"https:\/\/qualis.vn\/index.php\/wp-json\/wp\/v2\/types\/page"}],"author":[{"embeddable":true,"href":"https:\/\/qualis.vn\/index.php\/wp-json\/wp\/v2\/users\/1"}],"replies":[{"embeddable":true,"href":"https:\/\/qualis.vn\/index.php\/wp-json\/wp\/v2\/comments?post=1167"}],"version-history":[{"count":55,"href":"https:\/\/qualis.vn\/index.php\/wp-json\/wp\/v2\/pages\/1167\/revisions"}],"predecessor-version":[{"id":1533,"href":"https:\/\/qualis.vn\/index.php\/wp-json\/wp\/v2\/pages\/1167\/revisions\/1533"}],"wp:attachment":[{"href":"https:\/\/qualis.vn\/index.php\/wp-json\/wp\/v2\/media?parent=1167"}],"curies":[{"name":"wp","href":"https:\/\/api.w.org\/{rel}","templated":true}]}}